{"id":2,"date":"2006-02-14T12:17:15","date_gmt":"2006-02-14T11:17:15","guid":{"rendered":""},"modified":"2023-09-26T07:14:36","modified_gmt":"2023-09-26T06:14:36","slug":"about","status":"publish","type":"page","link":"https:\/\/www.claudebbg.com\/blog2\/about\/","title":{"rendered":"A propos&#8230;"},"content":{"rendered":"<p><a href=\"http:\/\/www.claudebbg.com\/blog\/wp-content\/uploads\/2007\/05\/hellofromgrenadinessmall.jpeg\"><img loading=\"lazy\" decoding=\"async\" class=\"alignnone size-medium wp-image-2433\" title=\"Un petit bonjour des Grenadines\" src=\"http:\/\/www.claudebbg.com\/blog\/wp-content\/uploads\/2007\/05\/hellofromgrenadinessmall.jpeg\" alt=\"\" width=\"300\" height=\"297\" \/><\/a><\/p>\n<p>J&rsquo;habite \u00e0 Paris, dans le 15\u00e8me arrondissement<br \/>\nPour m&rsquo;\u00e9crire:<\/p>\n<p>hello <em>a<\/em> claudebbg <em>point<\/em> com\u00a0ou<br \/>\nclaudebbg a gmail point com<\/p>\n<p>Ce site utilise des cookies (Google Analytics et quelques \u00e9l\u00e9ments WordPress selon l&rsquo;utilisation)<\/p>\n","protected":false},"excerpt":{"rendered":"<p>J&rsquo;habite \u00e0 Paris, dans le 15\u00e8me arrondissement Pour m&rsquo;\u00e9crire: hello a claudebbg point com\u00a0ou claudebbg a gmail point com Ce site utilise des cookies (Google Analytics et quelques \u00e9l\u00e9ments WordPress selon l&rsquo;utilisation)<\/p>\n","protected":false},"author":2,"featured_media":0,"parent":0,"menu_order":0,"comment_status":"open","ping_status":"open","template":"","meta":{"footnotes":""},"class_list":["post-2","page","type-page","status-publish","hentry"],"_links":{"self":[{"href":"https:\/\/www.claudebbg.com\/blog2\/wp-json\/wp\/v2\/pages\/2","targetHints":{"allow":["GET"]}}],"collection":[{"href":"https:\/\/www.claudebbg.com\/blog2\/wp-json\/wp\/v2\/pages"}],"about":[{"href":"https:\/\/www.claudebbg.com\/blog2\/wp-json\/wp\/v2\/types\/page"}],"author":[{"embeddable":true,"href":"https:\/\/www.claudebbg.com\/blog2\/wp-json\/wp\/v2\/users\/2"}],"replies":[{"embeddable":true,"href":"https:\/\/www.claudebbg.com\/blog2\/wp-json\/wp\/v2\/comments?post=2"}],"version-history":[{"count":11,"href":"https:\/\/www.claudebbg.com\/blog2\/wp-json\/wp\/v2\/pages\/2\/revisions"}],"predecessor-version":[{"id":3096,"href":"https:\/\/www.claudebbg.com\/blog2\/wp-json\/wp\/v2\/pages\/2\/revisions\/3096"}],"wp:attachment":[{"href":"https:\/\/www.claudebbg.com\/blog2\/wp-json\/wp\/v2\/media?parent=2"}],"curies":[{"name":"wp","href":"https:\/\/api.w.org\/{rel}","templated":true}]}}